{"id":983,"date":"2024-01-25T13:21:56","date_gmt":"2024-01-25T13:21:56","guid":{"rendered":"https:\/\/www.harineracastellana.es\/?page_id=983"},"modified":"2026-04-22T12:55:15","modified_gmt":"2026-04-22T12:55:15","slug":"noticias","status":"publish","type":"page","link":"https:\/\/www.harineracastellana.es\/index.php\/noticias\/","title":{"rendered":"Noticias"},"content":{"rendered":"<div class=\"fusion-fullwidth fullwidth-box fusion-builder-row-1 fusion-flex-container nonhundred-percent-fullwidth non-hundred-percent-height-scrolling\" style=\"background-color: rgba(255,255,255,0);background-position: center center;background-repeat: no-repeat;border-width: 0px 0px 0px 0px;border-color:#eae9e9;border-style:solid;\" ><div class=\"fusion-builder-row fusion-row fusion-flex-align-items-flex-start\" style=\"max-width:1144px;margin-left: calc(-4% \/ 2 );margin-right: calc(-4% \/ 2 );\"><div class=\"fusion-layout-column fusion_builder_column fusion-builder-column-0 fusion_builder_column_1_1 1_1 fusion-flex-column\"><div class=\"fusion-column-wrapper fusion-flex-justify-content-flex-start fusion-content-layout-column\" style=\"background-position:left top;background-repeat:no-repeat;-webkit-background-size:cover;-moz-background-size:cover;-o-background-size:cover;background-size:cover;padding: 0px 0px 0px 0px;\"><ul class=\"fusion-checklist fusion-checklist-1\" style=\"font-size:14px;line-height:23.8px;\"><li class=\"fusion-li-item\"><span style=\"background-color:#65bc7b;font-size:12.32px;height:23.8px;width:23.8px;margin-right:9.8px;\" class=\"icon-wrapper circle-yes\"><i class=\"fusion-li-icon fa-arrow-right fas\" style=\"color:#020ef2;\" aria-hidden=\"true\"><\/i><\/span><div class=\"fusion-li-item-content\" style=\"margin-left:33.6px;\">\n<h2 style=\"text-align: center;\"><em><strong>Proyecto \u201cInvestigaci\u00f3n de \u00edndice proteico en diferentes estratos del endospermo y germen para obtenci\u00f3n de harinas de fuerza\u201d<\/strong><\/em><\/h2>\n<\/div><\/li><\/ul><div ><span class=\" fusion-imageframe imageframe-none imageframe-1 hover-type-none\"><img decoding=\"async\" width=\"1299\" height=\"908\" title=\"Cartel ICE\" src=\"https:\/\/www.harineracastellana.es\/wp-content\/uploads\/2024\/01\/Cartel-ICE.png\" class=\"img-responsive wp-image-988\" srcset=\"https:\/\/www.harineracastellana.es\/wp-content\/uploads\/2024\/01\/Cartel-ICE-200x140.png 200w, https:\/\/www.harineracastellana.es\/wp-content\/uploads\/2024\/01\/Cartel-ICE-400x280.png 400w, https:\/\/www.harineracastellana.es\/wp-content\/uploads\/2024\/01\/Cartel-ICE-600x419.png 600w, https:\/\/www.harineracastellana.es\/wp-content\/uploads\/2024\/01\/Cartel-ICE-800x559.png 800w, https:\/\/www.harineracastellana.es\/wp-content\/uploads\/2024\/01\/Cartel-ICE-1200x839.png 1200w, https:\/\/www.harineracastellana.es\/wp-content\/uploads\/2024\/01\/Cartel-ICE.png 1299w\" sizes=\"(max-width: 1024px) 100vw, (max-width: 640px) 100vw, 1200px\" \/><\/span><\/div><div class=\"fusion-separator fusion-full-width-sep\" style=\"align-self: center;margin-left: auto;margin-right: auto;width:100%;\"><div class=\"fusion-separator-border sep-double sep-solid\" style=\"border-color:#e0dede;border-top-width:1px;border-bottom-width:1px;\"><\/div><\/div><ul class=\"fusion-checklist fusion-checklist-2\" style=\"font-size:14px;line-height:23.8px;\"><li class=\"fusion-li-item\"><span style=\"background-color:#65bc7b;font-size:12.32px;height:23.8px;width:23.8px;margin-right:9.8px;\" class=\"icon-wrapper circle-yes\"><i class=\"fusion-li-icon fa-arrow-right fas\" style=\"color:#020ef2;\" aria-hidden=\"true\"><\/i><\/span><div class=\"fusion-li-item-content\" style=\"margin-left:33.6px;\">\n<h2><\/h2>\n<h2 style=\"text-align: center;\"><em><strong>Proyecto de la Industria 4.0 o de la digitalizaci\u00f3n industrial en Castilla y Le\u00f3n<\/strong><\/em><\/h2>\n<\/div><\/li><\/ul><div ><span class=\" fusion-imageframe imageframe-none imageframe-2 hover-type-none\"><img decoding=\"async\" width=\"3309\" height=\"2339\" title=\"Cartel HARINERA CASTELLANA FOMENTO INDUSTRIA 4.0 2023 (V.2)-1\" src=\"https:\/\/www.harineracastellana.es\/wp-content\/uploads\/2024\/04\/Cartel-HARINERA-CASTELLANA-FOMENTO-INDUSTRIA-4.0-2023-V.2-1.png\" class=\"img-responsive wp-image-1002\" srcset=\"https:\/\/www.harineracastellana.es\/wp-content\/uploads\/2024\/04\/Cartel-HARINERA-CASTELLANA-FOMENTO-INDUSTRIA-4.0-2023-V.2-1-200x141.png 200w, https:\/\/www.harineracastellana.es\/wp-content\/uploads\/2024\/04\/Cartel-HARINERA-CASTELLANA-FOMENTO-INDUSTRIA-4.0-2023-V.2-1-400x283.png 400w, https:\/\/www.harineracastellana.es\/wp-content\/uploads\/2024\/04\/Cartel-HARINERA-CASTELLANA-FOMENTO-INDUSTRIA-4.0-2023-V.2-1-600x424.png 600w, https:\/\/www.harineracastellana.es\/wp-content\/uploads\/2024\/04\/Cartel-HARINERA-CASTELLANA-FOMENTO-INDUSTRIA-4.0-2023-V.2-1-800x565.png 800w, https:\/\/www.harineracastellana.es\/wp-content\/uploads\/2024\/04\/Cartel-HARINERA-CASTELLANA-FOMENTO-INDUSTRIA-4.0-2023-V.2-1-1200x848.png 1200w, https:\/\/www.harineracastellana.es\/wp-content\/uploads\/2024\/04\/Cartel-HARINERA-CASTELLANA-FOMENTO-INDUSTRIA-4.0-2023-V.2-1.png 3309w\" sizes=\"(max-width: 1024px) 100vw, (max-width: 640px) 100vw, 1200px\" \/><\/span><\/div><ul class=\"fusion-checklist fusion-checklist-3\" style=\"font-size:14px;line-height:23.8px;\"><li class=\"fusion-li-item\"><span style=\"background-color:#65bc7b;font-size:12.32px;height:23.8px;width:23.8px;margin-right:9.8px;\" class=\"icon-wrapper circle-yes\"><i class=\"fusion-li-icon fa-arrow-right fas\" style=\"color:#020ef2;\" aria-hidden=\"true\"><\/i><\/span><div class=\"fusion-li-item-content\" style=\"margin-left:33.6px;\">\n<h2><\/h2>\n<h2 style=\"text-align: center;\"><em><strong>Proyectos de adquisici\u00f3n de maquinaria industrial nueva en Empresas Industriales de Castilla y Le\u00f3n\u00a0<\/strong><\/em><\/h2>\n<\/div><\/li><\/ul><div ><span class=\" fusion-imageframe imageframe-none imageframe-3 hover-type-none\"><img decoding=\"async\" width=\"2382\" height=\"1684\" title=\"Cartel HARINERA CASTELLANA Equipamiento Industrial 2025\" src=\"https:\/\/www.harineracastellana.es\/wp-content\/uploads\/2025\/09\/Cartel-HARINERA-CASTELLANA-Equipamiento-Industrial-2025.jpg\" class=\"img-responsive wp-image-1086\" srcset=\"https:\/\/www.harineracastellana.es\/wp-content\/uploads\/2025\/09\/Cartel-HARINERA-CASTELLANA-Equipamiento-Industrial-2025-200x141.jpg 200w, https:\/\/www.harineracastellana.es\/wp-content\/uploads\/2025\/09\/Cartel-HARINERA-CASTELLANA-Equipamiento-Industrial-2025-400x283.jpg 400w, https:\/\/www.harineracastellana.es\/wp-content\/uploads\/2025\/09\/Cartel-HARINERA-CASTELLANA-Equipamiento-Industrial-2025-600x424.jpg 600w, https:\/\/www.harineracastellana.es\/wp-content\/uploads\/2025\/09\/Cartel-HARINERA-CASTELLANA-Equipamiento-Industrial-2025-800x566.jpg 800w, https:\/\/www.harineracastellana.es\/wp-content\/uploads\/2025\/09\/Cartel-HARINERA-CASTELLANA-Equipamiento-Industrial-2025-1200x848.jpg 1200w, https:\/\/www.harineracastellana.es\/wp-content\/uploads\/2025\/09\/Cartel-HARINERA-CASTELLANA-Equipamiento-Industrial-2025.jpg 2382w\" sizes=\"(max-width: 1024px) 100vw, (max-width: 640px) 100vw, 1200px\" \/><\/span><\/div><\/div><style type=\"text\/css\">.fusion-body .fusion-builder-column-0{width:100% !important;margin-top : 0px;margin-bottom : 20px;}.fusion-builder-column-0 > .fusion-column-wrapper {padding-top : 0px !important;padding-right : 0px !important;margin-right : 1.92%;padding-bottom : 0px !important;padding-left : 0px !important;margin-left : 1.92%;}@media only screen and (max-width:1024px) {.fusion-body .fusion-builder-column-0{width:100% !important;order : 0;}.fusion-builder-column-0 > .fusion-column-wrapper {margin-right : 1.92%;margin-left : 1.92%;}}@media only screen and (max-width:640px) {.fusion-body .fusion-builder-column-0{width:100% !important;order : 0;}.fusion-builder-column-0 > .fusion-column-wrapper {margin-right : 1.92%;margin-left : 1.92%;}}<\/style><\/div><\/div><style type=\"text\/css\">.fusion-body .fusion-flex-container.fusion-builder-row-1{ padding-top : 0px;margin-top : 0px;padding-right : 0px;padding-bottom : 0px;margin-bottom : 0px;padding-left : 0px;}<\/style><\/div>\n","protected":false},"excerpt":{"rendered":"","protected":false},"author":1,"featured_media":47,"parent":0,"menu_order":0,"comment_status":"closed","ping_status":"closed","template":"","meta":{"footnotes":""},"class_list":["post-983","page","type-page","status-publish","has-post-thumbnail","hentry"],"_links":{"self":[{"href":"https:\/\/www.harineracastellana.es\/index.php\/wp-json\/wp\/v2\/pages\/983","targetHints":{"allow":["GET"]}}],"collection":[{"href":"https:\/\/www.harineracastellana.es\/index.php\/wp-json\/wp\/v2\/pages"}],"about":[{"href":"https:\/\/www.harineracastellana.es\/index.php\/wp-json\/wp\/v2\/types\/page"}],"author":[{"embeddable":true,"href":"https:\/\/www.harineracastellana.es\/index.php\/wp-json\/wp\/v2\/users\/1"}],"replies":[{"embeddable":true,"href":"https:\/\/www.harineracastellana.es\/index.php\/wp-json\/wp\/v2\/comments?post=983"}],"version-history":[{"count":12,"href":"https:\/\/www.harineracastellana.es\/index.php\/wp-json\/wp\/v2\/pages\/983\/revisions"}],"predecessor-version":[{"id":1088,"href":"https:\/\/www.harineracastellana.es\/index.php\/wp-json\/wp\/v2\/pages\/983\/revisions\/1088"}],"wp:featuredmedia":[{"embeddable":true,"href":"https:\/\/www.harineracastellana.es\/index.php\/wp-json\/wp\/v2\/media\/47"}],"wp:attachment":[{"href":"https:\/\/www.harineracastellana.es\/index.php\/wp-json\/wp\/v2\/media?parent=983"}],"curies":[{"name":"wp","href":"https:\/\/api.w.org\/{rel}","templated":true}]}}