{"id":854,"date":"2020-02-06T15:53:43","date_gmt":"2020-02-06T15:53:43","guid":{"rendered":"https:\/\/www.harineracastellana.es\/?page_id=854"},"modified":"2025-03-06T12:52:03","modified_gmt":"2025-03-06T12:52:03","slug":"politica-privacidad","status":"publish","type":"page","link":"https:\/\/www.harineracastellana.es\/index.php\/politica-privacidad\/","title":{"rendered":"Politica Privacidad"},"content":{"rendered":"<h2><span style=\"color: #000000;\"><strong>POL\u00cdTICA DE PRIVACIDAD<\/strong><\/span><\/h2>\n<p><span style=\"color: #000000;\">En cumplimiento de lo dispuesto en el Reglamento General Europeo de Protecci\u00f3n de Datos de Car\u00e1cter Personal FRANCISCO GALINDO ESCUDERO SA con Cif: A47011051 domicilio en: CL. EUSEBIO GIRALDO Ne147400 MEDINA DEL CAMPO (VALIADOLID) email: <a style=\"color: #000000;\" href=\"mailto:buzon@harineracastellana.es\">buzon@harineracastellana.es<\/a>, (en adelante FRAGASA) como responsable del tratamiento comunica que:<\/span><\/p>\n<ol>\n<li><span style=\"color: #000000;\">De acuerdo con el Reglamento General Europeo de Protecci\u00f3n de Datos de Car\u00e1cter personal (RGPD 2OL6\/679, de 27 de abril 2O16\\, se entiende por datos de car\u00e1cter personal \u00abcualquier informaci\u00f3n concerniente a personas f\u00edsicas identificadas o identificables\u00bb. Los datos personales facilitados por Usted a trav\u00e9s del Sitio Web www.harineracastellana.es, titularidad de FRAGASA quedar\u00e1n incorporados en un fichero automatizado titularidad de este, siendo tratados con la m\u00e1xima confidencialidad y utilizados exclusivamente para atender a las cuestiones planteadas. Dichos datos ser\u00e1n utilizados exclusivamente con la finalidad de gestionar los servicios ofrecidos, atender a las solicitudes que nos plantee, realizar tareas administrativas, as\u00ed como remitir informaci\u00f3n t\u00e9cnica, comercial o publicitaria por v\u00eda ordinaria o electr\u00f3nica.<\/span><\/li>\n<li><span style=\"color: #000000;\">Asimismo, le informamos y mediante la aceptaci\u00f3n de la presente Pol\u00edtica de Privacidad Usted consiente de forma expresa, clara e inequ\u00edvoca que sus datos personales sean comunicados FRAGASA, entendi\u00e9ndose como tales las que se recojan de manera actualizada en el listado de sociedades del grupo, a los efectos de facilitar un control y una gesti\u00f3n global de los usuarios del Sitio Web y las consultas formuladas por \u00e9stos, as\u00ed como para el env\u00edo de informaci\u00f3n a los mismos de sus productos y servicios exclusivamente relacionados con el sector de actividad de cada una de ellas, a trav\u00e9s de diferentes medios.<\/span><\/li>\n<li><span style=\"color: #000000;\">Usted garantiza que los datos aportados son verdaderos, exactos, completos y actualizados, siendo responsable de cualquier da\u00f1o o perjuicio, directo o indirecto, que pudiera ocasionarse como consecuencia del incumplimiento de tal obligaci\u00f3n. En el caso de que los datos aportados pertenecieran a un tercero, Usted garantiza que ha informado a dicho tercero de los aspectos contenidos en esta Pol\u00edtica y obtenido su autorizaci\u00f3n para facilitar sus datos a FRAGASA, para los fines se\u00f1alados.<\/span><\/li>\n<li><span style=\"color: #000000;\">Cuando los datos personales sean recabados a trav\u00e9s del formulario, ser\u00e1 necesario que Usted aporte, al menos, aquellos marcados con un asterisco, ya que, si no se suministraran estos datos considerados necesarios, FRAGASA, no podr\u00e1 aceptar y gestionar el servicio web o consulta formulada. La solicitud de servicios a trav\u00e9s de formularios de consulta on-line, podr\u00e1 ser dirigida o cedida a las empresas del grupo o que colaboren habitualmente con FRAGASA, que ofrezcan el servicio requerido o que mejor pueda atender su petici\u00f3n a raz\u00f3n de su especializaci\u00f3n.<\/span><\/li>\n<li><span style=\"color: #000000;\">En respuesta a la preocupaci\u00f3n FRAGASA, por garantizar la seguridad y confidencialidad de sus datos, se han adoptado los niveles de seguridad requeridos de protecci\u00f3n de los datos personales y se han instalado los medios t\u00e9cnicos a su alcance para evitar la p\u00e9rdida, mal uso, alteraci\u00f3n, acceso no autorizado y robo de los datos personales facilitados a trav\u00e9s de www.harineracastellana.es<\/span><\/li>\n<li><span style=\"color: #000000;\">FRAGASA, utiliza cookies en su Sitio Web, \u00fanicamente a los efectos de optimizar y personalizar su navegaci\u00f3n por el Sitio Web, sin que FRAGASA, guarde en sus propios sistemas de informaci\u00f3n, datos, informaciones o perfiles personalizados de navegaci\u00f3n por su Sitio Web.<\/span><\/li>\n<li><span style=\"color: #000000;\">Para ejercitar sus derechos de transparencia, informaci\u00f3n, acceso, rectificaci\u00f3n, supresi\u00f3n o derecho al olvido, limitaci\u00f3n del tratamiento, portabilidad de datos y oposici\u00f3n de sus datos de car\u00e1cter personal por escrito identificado con la referencia \u00abProtecci\u00f3n de Datos\u00bb a la siguiente direcci\u00f3n Cl. Eusebio Giraldo, 1 &#8211; 47400 Medina del Campo (Valladolid).\u00a0 En el momento en que aporte Usted sus datos de car\u00e1cter personal podr\u00e1 manifestar su deseo de NO recibir comunicaciones comerciales electr\u00f3nicas por parte de FRAGASA, desmarcando la casilla dispuesta al efecto. En caso de no desmarcar la casilla, y de conformidad con lo establecido en la Ley 34\/2OO2de 11 de julio, de Servicios de la Sociedad de la Informaci\u00f3n y del Comercio Electr\u00f3nico, en el supuesto de que usted no desee recibir comunicaciones comerciales electr\u00f3nica, en el futuro, por parte de FRAGASA, podr\u00e1\u00a0\u00a0 manifestar\u00a0\u00a0 tal\u00a0\u00a0 deseo\u00a0\u00a0 a\u00a0\u00a0 trav\u00e9s\u00a0\u00a0 de\u00a0\u00a0 correo\u00a0\u00a0 electr\u00f3nico\u00a0\u00a0 en buzon@harineracastellana.es<\/span><\/li>\n<li><span style=\"color: #000000;\">Todos los datos recogidos en los diferentes formularios (tanto online como presencial) cumplen unos principios y derechos que garantizan la protecci\u00f3n de sus datos personales de acuerdo con el nuevo reglamento europeo de protecci\u00f3n de datos:<\/span>\n<ol>\n<li><span style=\"color: #000000;\">Principio de licitud, lealtad y transparencia: En todo caso se va a requerir un consentimiento expreso e inequ\u00edvoco para el tratamiento de los datos personales.<\/span><\/li>\n<li><span style=\"color: #000000;\">Principio de minimizaci\u00f3n de datos: Solo se van a solicitar los datos estrictamente necesarios para llevar a cabo el servicio requerido.<\/span><\/li>\n<li><span style=\"color: #000000;\">Principio de limitaci\u00f3n del plazo de conservaci\u00f3n: Los datos ser\u00e1n mantenidos durante no m\u00e1s tiempo del estrictamente necesario\u00a0 para llevar a cabo los fines del tratamiento.<\/span><\/li>\n<li><span style=\"color: #000000;\">Principio de confidencialidad e integridad: Todos los datos proporcionados ser\u00e1n tratados de tal manera que se garantice una seguridad adecuada y una total confidencialidad de los mismos.<\/span><\/li>\n<\/ol>\n<\/li>\n<li><span style=\"color: #000000;\">Los datos personales que se gestionan en FRAGASA se obtienen de las siguientes fuentes de informaci\u00f3n:<\/span>\n<ol>\n<li><span style=\"color: #000000;\">Formularios de contacto de la propia p\u00e1gina web www.harineracastellana.es<\/span><\/li>\n<li><span style=\"color: #000000;\">Formularios en formatos papel.<\/span><\/li>\n<li><span style=\"color: #000000;\">Medios p\u00fablicos como p\u00e1ginas web, tablones de anuncios, etc.<\/span><\/li>\n<\/ol>\n<\/li>\n<li><span style=\"color: #000000;\">Los datos personales que se recogen por parte de FRAGASA son: datos de identificaci\u00f3n, datos de contacto, datos de facturaci\u00f3n y datos acad\u00e9micos y\/o profesionales. Cualquier interesado tiene derecho a obtener confirmaci\u00f3n sobre si estamos tratando datos personales que le conciernan, o no. Las personas interesadas tienen derecho a acceder a sus datos personales, as\u00ed como a solicitar la rectificaci\u00f3n de los datos inexactos o, en su caso, solicitar su supresi\u00f3n cuando, entre otros motivos, los datos ya no sean necesarios para los fines que fueron recogidos. En determinadas circunstancias, los interesados podr\u00e1n solicitar la limitaci\u00f3n del tratamiento de sus datos, en cuyo caso \u00fanicamente los conservaremos para el ejercicio o la defensa de reclamaciones. Por motivos relacionados con su situaci\u00f3n particular, los interesados podr\u00e1n oponerse al tratamiento de sus datos. El responsable del fichero dejar\u00e1 de tratar los datos, salvo por motivos leg\u00edtimos imperiosos, o el ejercicio o la defensa de posibles reclamaciones. De acuerdo con la legislaci\u00f3n vigente tiene los siguientes derechos: derecho a solicitar el acceso a sus datos personales, derecho a solicitar su rectificaci\u00f3n o supresi\u00f3n, derecho a solicitar la limitaci\u00f3n de su tratamiento, derecho a oponerse al tratamiento, derecho a la portabilidad de los datos y as\u00ed mismo, a revocar el consentimiento otorgado. Asimismo, tiene derecho a presentar una reclamaci\u00f3n ante la Agencia Espa\u00f1ola de Protecci\u00f3n de Datos.<\/span><\/li>\n<\/ol>\n<p><span style=\"color: #000000;\">Los datos personales y la finalidad del tratamiento por parte de FRAGASA son diferentes seg\u00fan el sistema de captura de informaci\u00f3n:<\/span><\/p>\n<ul>\n<li style=\"list-style-type: none;\">\n<ul>\n<li><span style=\"color: #000000;\">Formularios de contacto: FRAGASA solicita datos personales entre los que pueden estar: Nombre y apellidos, direcci\u00f3n de correo electr\u00f3nico, n\u00famero de tel\u00e9fono y direcci\u00f3n de tu sitio Web con la finalidad de responder a tus consultas.<\/span><\/li>\n<li><span style=\"color: #000000;\">Formularios de suscripci\u00f3n a contenidos: FRAGASA solicita los siguientes datos personales: Nombre y apellidos, direcci\u00f3n de correo electr\u00f3nico, n\u00famero de tel\u00e9fono y direcci\u00f3n de tu sitio web para gestionar la lista de suscripciones, enviar boletines, promociones y ofertas especiales.<\/span><\/li>\n<li><span style=\"color: #000000;\">Google Signals: Google Analytics asocia la informaci\u00f3n de visitas que recoge de este sitio web a la que tiene Google de las cuentas de usuarios que han iniciado sesi\u00f3n. Esta informaci\u00f3n incluye la ubicaci\u00f3n de usuarios finales, el historial de b\u00fasqueda, el historial de YouTube y datos de los sitios web asociados a Google, y se usa para proporcionar informaci\u00f3n agregada y an\u00f3nima sobre c\u00f3mo se comportan los usuarios en los distintos dispositivos. Los usuarios pueden acceder a estos datos y eliminarlos a trav\u00e9s de la p\u00e1gina Mi Actividad. Estas funciones tambi\u00e9n est\u00e1n sujetas a las pol\u00edticas sobre las funciones publicitarias de Google Analytics.<\/span><\/li>\n<li><span style=\"color: #000000;\">Navegaci\u00f3n y Direcci\u00f3n IP: Al navegar por esta web, el usuario facilita de forma autom\u00e1tica al servidor de la web informaci\u00f3n relativa a tu direcci\u00f3n IP, fecha y hora de acceso, el hiperv\u00ednculo que le ha reenviado a \u00e9stas, tu sistema operativo y el navegador utilizado.<\/span><\/li>\n<li><span style=\"color: #000000;\">Comentarios: Cuando los visitantes dejan comentarios en la web, recopilamos los datos que se muestran en el formulario de comentarios, as\u00ed como la direcci\u00f3n IP del visitante y la cadena de agentes de usuario del navegador para ayudar a la detecci\u00f3n de spam.<\/span><\/li>\n<\/ul>\n<\/li>\n<\/ul>\n<p><span style=\"color: #000000;\">\u00a9 Copyright 2025 FRAGA, S.A. &#8211; Todos los derechos reservados.<\/span><\/p>\n<p><span style=\"color: #000000;\">\u00daltima modificaci\u00f3n texto: Febrero 2025<\/span><\/p>\n","protected":false},"excerpt":{"rendered":"<p>POL\u00cdTICA DE PRIVACIDAD En cumplimiento de lo dispuesto en el [&hellip;]<\/p>\n","protected":false},"author":1,"featured_media":0,"parent":0,"menu_order":0,"comment_status":"closed","ping_status":"closed","template":"","meta":{"footnotes":""},"class_list":["post-854","page","type-page","status-publish","hentry"],"_links":{"self":[{"href":"https:\/\/www.harineracastellana.es\/index.php\/wp-json\/wp\/v2\/pages\/854","targetHints":{"allow":["GET"]}}],"collection":[{"href":"https:\/\/www.harineracastellana.es\/index.php\/wp-json\/wp\/v2\/pages"}],"about":[{"href":"https:\/\/www.harineracastellana.es\/index.php\/wp-json\/wp\/v2\/types\/page"}],"author":[{"embeddable":true,"href":"https:\/\/www.harineracastellana.es\/index.php\/wp-json\/wp\/v2\/users\/1"}],"replies":[{"embeddable":true,"href":"https:\/\/www.harineracastellana.es\/index.php\/wp-json\/wp\/v2\/comments?post=854"}],"version-history":[{"count":7,"href":"https:\/\/www.harineracastellana.es\/index.php\/wp-json\/wp\/v2\/pages\/854\/revisions"}],"predecessor-version":[{"id":1031,"href":"https:\/\/www.harineracastellana.es\/index.php\/wp-json\/wp\/v2\/pages\/854\/revisions\/1031"}],"wp:attachment":[{"href":"https:\/\/www.harineracastellana.es\/index.php\/wp-json\/wp\/v2\/media?parent=854"}],"curies":[{"name":"wp","href":"https:\/\/api.w.org\/{rel}","templated":true}]}}