{"id":16,"date":"2017-06-08T16:00:04","date_gmt":"2017-06-08T16:00:04","guid":{"rendered":"http:\/\/www.harineracastellana.es\/?page_id=16"},"modified":"2025-11-20T12:43:28","modified_gmt":"2025-11-20T12:43:28","slug":"inicio","status":"publish","type":"page","link":"https:\/\/www.harineracastellana.es\/","title":{"rendered":"Inicio"},"content":{"rendered":"<p><div class=\"fusion-fullwidth fullwidth-box fusion-builder-row-1 nonhundred-percent-fullwidth non-hundred-percent-height-scrolling\" style=\"background-color: rgba(255,255,255,0);background-position: center center;background-repeat: no-repeat;padding-top:0px;padding-right:0px;padding-bottom:0px;padding-left:0px;margin-bottom: 0px;margin-top: 0px;border-width: 0px 0px 0px 0px;border-color:#eae9e9;border-style:solid;\" ><div class=\"fusion-builder-row fusion-row\"><div class=\"fusion-layout-column fusion_builder_column fusion-builder-column-0 fusion_builder_column_1_1 1_1 fusion-one-full fusion-column-first fusion-column-last\" style=\"margin-top:0px;margin-bottom:20px;\"><div class=\"fusion-column-wrapper fusion-flex-column-wrapper-legacy\" style=\"background-position:left top;background-repeat:no-repeat;-webkit-background-size:cover;-moz-background-size:cover;-o-background-size:cover;background-size:cover;padding: 0px 0px 0px 0px;\"><div class=\"imageframe-align-center\"><span class=\" fusion-imageframe imageframe-none imageframe-1 hover-type-none\"><img decoding=\"async\" width=\"606\" height=\"342\" title=\"Logo Completo sin fondo\" src=\"https:\/\/www.harineracastellana.es\/wp-content\/uploads\/2017\/06\/Logo-Completo-sin-fondo.png\" class=\"img-responsive wp-image-295\"\/><\/span><\/div><div class=\"fusion-clearfix\"><\/div><\/div><\/div><\/div><\/div><div class=\"fusion-fullwidth fullwidth-box fusion-builder-row-2 nonhundred-percent-fullwidth non-hundred-percent-height-scrolling\" style=\"background-color: rgba(255,255,255,0);background-position: center center;background-repeat: no-repeat;padding-top:0px;padding-right:0px;padding-bottom:0px;padding-left:0px;margin-bottom: 0px;margin-top: 0px;border-width: 0px 0px 0px 0px;border-color:#eae9e9;border-style:solid;\" ><div class=\"fusion-builder-row fusion-row\"><div class=\"fusion-layout-column fusion_builder_column fusion-builder-column-1 fusion_builder_column_1_3 1_3 fusion-one-third fusion-column-first\" style=\"width:33.333333333333%;width:calc(33.333333333333% - ( ( 4% + 4% ) * 0.33333333333333 ) );margin-right: 4%;margin-top:0px;margin-bottom:20px;\"><div class=\"fusion-column-wrapper fusion-flex-column-wrapper-legacy\" style=\"background-position:left top;background-repeat:no-repeat;-webkit-background-size:cover;-moz-background-size:cover;-o-background-size:cover;background-size:cover;padding: 0px 0px 0px 0px;\"><div class=\"imageframe-align-center\"><span class=\" fusion-imageframe imageframe-none imageframe-2 hover-type-none\"><img decoding=\"async\" width=\"141\" height=\"50\" title=\"calidad sin fondo (Personalizado) (1)\" src=\"https:\/\/www.harineracastellana.es\/wp-content\/uploads\/2019\/07\/calidad-sin-fondo-Personalizado-1.png\" class=\"img-responsive wp-image-766\"\/><\/span><\/div><div class=\"fusion-clearfix\"><\/div><\/div><\/div><div class=\"fusion-layout-column fusion_builder_column fusion-builder-column-2 fusion_builder_column_1_3 1_3 fusion-one-third\" style=\"width:33.333333333333%;width:calc(33.333333333333% - ( ( 4% + 4% ) * 0.33333333333333 ) );margin-right: 4%;margin-top:0px;margin-bottom:20px;\"><div class=\"fusion-column-wrapper fusion-flex-column-wrapper-legacy\" style=\"background-position:left top;background-repeat:no-repeat;-webkit-background-size:cover;-moz-background-size:cover;-o-background-size:cover;background-size:cover;padding: 0px 0px 0px 0px;\"><div class=\"imageframe-align-center\"><span class=\" fusion-imageframe imageframe-none imageframe-3 hover-type-none\"><img decoding=\"async\" width=\"117\" height=\"60\" title=\"Pureza sin fondo (Personalizado)\" src=\"https:\/\/www.harineracastellana.es\/wp-content\/uploads\/2019\/07\/Pureza-sin-fondo-Personalizado.png\" class=\"img-responsive wp-image-763\"\/><\/span><\/div><div class=\"fusion-aligncenter\"><style type=\"text\/css\">.fusion-button.button-1 .fusion-button-text {text-transform:uppercase;}<\/style><a class=\"fusion-button button-3d button-xlarge button-blue button-1 fusion-button-default-span fusion-animated\" data-animationType=\"bounceInLeft\" data-animationDuration=\"3.0\" data-animationOffset=\"top-into-view\" target=\"_self\" href=\"https:\/\/www.harineracastellana.es\/index.php\/nuestros-productos\/\" style=\"margin-top:20px;\"><span class=\"fusion-button-icon-divider button-icon-divider-left\"><i class=\"fa-book-open fas\" aria-hidden=\"true\"><\/i><\/span><span class=\"fusion-button-text fusion-button-text-left\">NUESTRO CAT\u00c1LOGO<\/span><\/a><\/div><div class=\"fusion-clearfix\"><\/div><\/div><\/div><div class=\"fusion-layout-column fusion_builder_column fusion-builder-column-3 fusion_builder_column_1_3 1_3 fusion-one-third fusion-column-last\" style=\"width:33.333333333333%;width:calc(33.333333333333% - ( ( 4% + 4% ) * 0.33333333333333 ) );margin-top:0px;margin-bottom:20px;\"><div class=\"fusion-column-wrapper fusion-flex-column-wrapper-legacy\" style=\"background-position:left top;background-repeat:no-repeat;-webkit-background-size:cover;-moz-background-size:cover;-o-background-size:cover;background-size:cover;padding: 0px 0px 0px 0px;\"><div class=\"imageframe-align-center\"><span class=\" fusion-imageframe imageframe-none imageframe-4 hover-type-none\"><img decoding=\"async\" width=\"158\" height=\"50\" title=\"tradicion sin fondo (Personalizado) (1)\" src=\"https:\/\/www.harineracastellana.es\/wp-content\/uploads\/2019\/07\/tradicion-sin-fondo-Personalizado-1.png\" class=\"img-responsive wp-image-765\"\/><\/span><\/div><div class=\"fusion-clearfix\"><\/div><\/div><\/div><\/div><\/div><div class=\"fusion-fullwidth fullwidth-box fusion-builder-row-3 nonhundred-percent-fullwidth non-hundred-percent-height-scrolling\" style=\"background-color: rgba(255,255,255,0);background-position: center center;background-repeat: no-repeat;padding-top:0px;padding-right:0px;padding-bottom:0px;padding-left:0px;margin-bottom: 0px;margin-top: 0px;border-width: 0px 0px 0px 0px;border-color:#eae9e9;border-style:solid;\" ><div class=\"fusion-builder-row fusion-row\"><div class=\"fusion-layout-column fusion_builder_column fusion-builder-column-4 fusion_builder_column_1_1 1_1 fusion-one-full fusion-column-first fusion-column-last\" style=\"margin-top:0px;margin-bottom:20px;\"><div class=\"fusion-column-wrapper fusion-flex-column-wrapper-legacy\" style=\"background-position:left top;background-repeat:no-repeat;-webkit-background-size:cover;-moz-background-size:cover;-o-background-size:cover;background-size:cover;padding: 0px 0px 0px 0px;\"><div class=\"fusion-text fusion-text-1\"><table border=\"0\" width=\"100%\" cellspacing=\"0\" cellpadding=\"0\" align=\"left\">\n<tbody>\n<tr>\n<td style=\"text-align: center;\" align=\"left\" valign=\"middle\" height=\"18\">\n<h2><b>\u00a0La calidad de sus productos empieza con una buena harina<\/b><\/h2>\n<\/td>\n<\/tr>\n<\/tbody>\n<\/table>\n<p style=\"text-align: center;\">Bienvenido a la p\u00e1gina Web de <i><b>Harinera Castellana<\/b><\/i> (FRAGA, S.A.). Le invitamos a un recorrido que le permitir\u00e1 conocer qui\u00e9nes somos, cu\u00e1l es nuestra filosof\u00eda de trabajo y con qu\u00e9 equipo t\u00e9cnico y humano contamos en la empresa.<\/p>\n<\/div><div class=\"fusion-text fusion-text-2\" style=\"text-align:center;\"><p style=\"text-align: center;\">Para cualquier consulta puede contactar en el tel\u00e9fono:<br \/>\nFijo: 983 81 29 90<br \/>\n<span style=\"color: #000080;\"><strong>o bien a trav\u00e9s de nuestro E-mail<\/strong><\/span><span style=\"color: #000080;\"><strong><strong>: <a href=\"mailto:buzon@harineracastellana.es\" target=\"_blank\" rel=\"noopener noreferrer\">buzon@harineracastellana.es<\/a><\/strong><\/strong><\/span><\/p>\n<\/div><div class=\"fusion-clearfix\"><\/div><\/div><\/div><\/div><\/div><\/p>\n","protected":false},"excerpt":{"rendered":"","protected":false},"author":1,"featured_media":0,"parent":0,"menu_order":0,"comment_status":"closed","ping_status":"closed","template":"","meta":{"footnotes":""},"class_list":["post-16","page","type-page","status-publish","hentry"],"_links":{"self":[{"href":"https:\/\/www.harineracastellana.es\/index.php\/wp-json\/wp\/v2\/pages\/16","targetHints":{"allow":["GET"]}}],"collection":[{"href":"https:\/\/www.harineracastellana.es\/index.php\/wp-json\/wp\/v2\/pages"}],"about":[{"href":"https:\/\/www.harineracastellana.es\/index.php\/wp-json\/wp\/v2\/types\/page"}],"author":[{"embeddable":true,"href":"https:\/\/www.harineracastellana.es\/index.php\/wp-json\/wp\/v2\/users\/1"}],"replies":[{"embeddable":true,"href":"https:\/\/www.harineracastellana.es\/index.php\/wp-json\/wp\/v2\/comments?post=16"}],"version-history":[{"count":71,"href":"https:\/\/www.harineracastellana.es\/index.php\/wp-json\/wp\/v2\/pages\/16\/revisions"}],"predecessor-version":[{"id":1096,"href":"https:\/\/www.harineracastellana.es\/index.php\/wp-json\/wp\/v2\/pages\/16\/revisions\/1096"}],"wp:attachment":[{"href":"https:\/\/www.harineracastellana.es\/index.php\/wp-json\/wp\/v2\/media?parent=16"}],"curies":[{"name":"wp","href":"https:\/\/api.w.org\/{rel}","templated":true}]}}